{"id":22794,"date":"2015-06-15T11:18:58","date_gmt":"2015-06-15T09:18:58","guid":{"rendered":"http:\/\/www.undsgn.com\/uncode\/?page_id=22794"},"modified":"2017-10-31T20:24:16","modified_gmt":"2017-10-31T18:24:16","slug":"services-grid","status":"publish","type":"page","link":"http:\/\/thai-massage-darmstadt.de\/chada\/pages\/services-grid\/","title":{"rendered":"Services Grid"},"content":{"rendered":"<p>[vc_row unlock_row_content=&#8220;yes&#8220; row_height_percent=&#8220;50&#8243; override_padding=&#8220;yes&#8220; h_padding=&#8220;0&#8243; top_padding=&#8220;0&#8243; bottom_padding=&#8220;0&#8243; back_color=&#8220;color-wayh&#8220; overlay_alpha=&#8220;100&#8243; equal_height=&#8220;yes&#8220; gutter_size=&#8220;0&#8243; shift_y=&#8220;0&#8243; style=&#8220;inherited&#8220;][vc_column column_width_percent=&#8220;100&#8243; position_horizontal=&#8220;left&#8220; back_color=&#8220;color-lxmt&#8220; back_image=&#8220;48545&#8243; back_position=&#8220;center center&#8220; overlay_alpha=&#8220;100&#8243; gutter_size=&#8220;3&#8243; medium_width=&#8220;3&#8243; shift_x=&#8220;0&#8243; shift_y=&#8220;0&#8243; z_index=&#8220;0&#8243; css_animation=&#8220;zoom-in&#8220; zoom_width=&#8220;0&#8243; zoom_height=&#8220;0&#8243; width=&#8220;1\/3&#8243; mobile_height=&#8220;260&#8243;][\/vc_column][vc_column column_width_percent=&#8220;100&#8243; position_horizontal=&#8220;left&#8220; position_vertical=&#8220;middle&#8220; align_horizontal=&#8220;align_center&#8220; override_padding=&#8220;yes&#8220; column_padding=&#8220;5&#8243; back_color=&#8220;color-xsdn&#8220; overlay_alpha=&#8220;100&#8243; gutter_size=&#8220;3&#8243; medium_width=&#8220;3&#8243; shift_x=&#8220;0&#8243; shift_y=&#8220;0&#8243; css_animation=&#8220;zoom-in&#8220; animation_delay=&#8220;200&#8243; zoom_width=&#8220;0&#8243; zoom_height=&#8220;0&#8243; width=&#8220;1\/3&#8243;][vc_icon icon=&#8220;fa fa-check&#8220; background_style=&#8220;fa-rounded&#8220; size=&#8220;fa-3x&#8220; text_size=&#8220;h1&#8243; text_font=&#8220;font-156269&#8243; align=&#8220;&#8220; title=&#8220;TRADITIONELLE THAI-MASSAGE&#8220;]Die Behandlung wird auf einer bequemen Matte ohne Massage\u00f6l durchgef\u00fchrt. Der Kunde ist in der Regel leicht bekleidet, z.B. T-Shirt und d\u00fcnne Hose (sind mitzubringen). Ich arbeite mit H\u00e4nden, Ellenbogen und Knie. Zudem wird die Massage durch Dehnung des K\u00f6rpers erg\u00e4nzt. K\u00f6rper und Seele werden wieder in Einklang gebracht.[\/vc_icon][\/vc_column][vc_column column_width_percent=&#8220;100&#8243; position_horizontal=&#8220;left&#8220; back_color=&#8220;color-lxmt&#8220; back_image=&#8220;48546&#8243; overlay_alpha=&#8220;100&#8243; gutter_size=&#8220;3&#8243; medium_width=&#8220;3&#8243; shift_x=&#8220;0&#8243; shift_y=&#8220;0&#8243; z_index=&#8220;0&#8243; css_animation=&#8220;zoom-in&#8220; animation_delay=&#8220;400&#8243; zoom_width=&#8220;0&#8243; zoom_height=&#8220;0&#8243; width=&#8220;1\/3&#8243; mobile_height=&#8220;260&#8243;][\/vc_column][\/vc_row][vc_row unlock_row_content=&#8220;yes&#8220; row_height_percent=&#8220;50&#8243; override_padding=&#8220;yes&#8220; h_padding=&#8220;0&#8243; top_padding=&#8220;0&#8243; bottom_padding=&#8220;0&#8243; back_color=&#8220;color-wayh&#8220; overlay_alpha=&#8220;100&#8243; equal_height=&#8220;yes&#8220; gutter_size=&#8220;0&#8243; shift_y=&#8220;0&#8243; style=&#8220;inherited&#8220;][vc_column column_width_percent=&#8220;100&#8243; position_horizontal=&#8220;left&#8220; position_vertical=&#8220;middle&#8220; align_horizontal=&#8220;align_center&#8220; override_padding=&#8220;yes&#8220; column_padding=&#8220;5&#8243; back_color=&#8220;color-xsdn&#8220; overlay_alpha=&#8220;100&#8243; gutter_size=&#8220;3&#8243; medium_width=&#8220;3&#8243; shift_x=&#8220;0&#8243; shift_y=&#8220;0&#8243; css_animation=&#8220;zoom-in&#8220; zoom_width=&#8220;0&#8243; zoom_height=&#8220;0&#8243; width=&#8220;1\/3&#8243;][vc_icon icon=&#8220;fa fa-check&#8220; background_style=&#8220;fa-rounded&#8220; size=&#8220;fa-3x&#8220; text_size=&#8220;h1&#8243; text_font=&#8220;font-156269&#8243; align=&#8220;&#8220; title=&#8220;FUSSREFLEXZONEN-MASSAGE&#8220;]Das Massieren und Dr\u00fccken der Fussreflexpunkte l\u00f6st Verspannungen und wirkt heilend auf die verschiedenen Organe des K\u00f6rpers ein.[\/vc_icon][\/vc_column][vc_column column_width_percent=&#8220;100&#8243; position_horizontal=&#8220;left&#8220; back_color=&#8220;color-lxmt&#8220; back_image=&#8220;48552&#8243; overlay_alpha=&#8220;100&#8243; gutter_size=&#8220;3&#8243; medium_width=&#8220;3&#8243; shift_x=&#8220;0&#8243; shift_y=&#8220;0&#8243; z_index=&#8220;0&#8243; css_animation=&#8220;zoom-in&#8220; animation_delay=&#8220;200&#8243; zoom_width=&#8220;0&#8243; zoom_height=&#8220;0&#8243; width=&#8220;1\/3&#8243; mobile_height=&#8220;260&#8243;][\/vc_column][vc_column column_width_percent=&#8220;100&#8243; position_vertical=&#8220;middle&#8220; align_horizontal=&#8220;align_center&#8220; override_padding=&#8220;yes&#8220; column_padding=&#8220;5&#8243; back_color=&#8220;color-xsdn&#8220; overlay_alpha=&#8220;50&#8243; gutter_size=&#8220;3&#8243; medium_width=&#8220;3&#8243; shift_x=&#8220;0&#8243; shift_y=&#8220;0&#8243; css_animation=&#8220;zoom-in&#8220; animation_delay=&#8220;400&#8243; zoom_width=&#8220;0&#8243; zoom_height=&#8220;0&#8243; width=&#8220;1\/3&#8243;][vc_icon icon=&#8220;fa fa-check&#8220; background_style=&#8220;fa-rounded&#8220; size=&#8220;fa-3x&#8220; text_size=&#8220;h1&#8243; text_font=&#8220;font-156269&#8243; align=&#8220;&#8220; title=&#8220;R\u00dcCKEN- &amp; NACKENMASSAGE&#8220;]Verspannungen werden durch Massieren der genannten K\u00f6rperpartien gel\u00f6st. Geeignet zum Beispiel f\u00fcr B\u00fcrokr\u00e4fte und Berufskraftfahrer.[\/vc_icon][\/vc_column][\/vc_row][vc_row unlock_row_content=&#8220;yes&#8220; row_height_percent=&#8220;50&#8243; override_padding=&#8220;yes&#8220; h_padding=&#8220;0&#8243; top_padding=&#8220;0&#8243; bottom_padding=&#8220;0&#8243; back_color=&#8220;color-wayh&#8220; overlay_alpha=&#8220;100&#8243; equal_height=&#8220;yes&#8220; gutter_size=&#8220;0&#8243; shift_y=&#8220;0&#8243; style=&#8220;inherited&#8220;][vc_column column_width_percent=&#8220;100&#8243; position_horizontal=&#8220;left&#8220; back_color=&#8220;color-lxmt&#8220; back_image=&#8220;48571&#8243; back_position=&#8220;center center&#8220; overlay_alpha=&#8220;100&#8243; gutter_size=&#8220;3&#8243; medium_width=&#8220;3&#8243; shift_x=&#8220;0&#8243; shift_y=&#8220;0&#8243; z_index=&#8220;0&#8243; css_animation=&#8220;zoom-in&#8220; zoom_width=&#8220;0&#8243; zoom_height=&#8220;0&#8243; width=&#8220;1\/3&#8243; mobile_height=&#8220;260&#8243;][\/vc_column][vc_column column_width_percent=&#8220;100&#8243; position_horizontal=&#8220;left&#8220; position_vertical=&#8220;middle&#8220; align_horizontal=&#8220;align_center&#8220; override_padding=&#8220;yes&#8220; column_padding=&#8220;5&#8243; back_color=&#8220;color-xsdn&#8220; overlay_alpha=&#8220;100&#8243; gutter_size=&#8220;3&#8243; medium_width=&#8220;3&#8243; shift_x=&#8220;0&#8243; shift_y=&#8220;0&#8243; css_animation=&#8220;zoom-in&#8220; animation_delay=&#8220;200&#8243; zoom_width=&#8220;0&#8243; zoom_height=&#8220;0&#8243; width=&#8220;1\/3&#8243;][vc_icon icon=&#8220;fa fa-check&#8220; background_style=&#8220;fa-rounded&#8220; size=&#8220;fa-3x&#8220; text_size=&#8220;h1&#8243; text_font=&#8220;font-156269&#8243; align=&#8220;&#8220; title=&#8220;AROMA-\u00d6L-MASSAGE&#8220;]Warme \u00d6le werden sanft in die Haut einmassiert, sodass tiefe Entspannung und Wohlbefinden dadurch bewirkt werden.<\/p>\n<p>Folgende \u00d6le stehen zur Auswahl:<\/p>\n<ul>\n<li>Lavendel ( anregend )<\/li>\n<li>Jasmin ( behaglich )<\/li>\n<li>Relaxing ( beruhigend )<\/li>\n<li>Refreshing ( erfrischend )<\/li>\n<li>Camphor ( entspannend )<\/li>\n<\/ul>\n<p>[\/vc_icon][\/vc_column][vc_column column_width_percent=&#8220;100&#8243; position_horizontal=&#8220;left&#8220; back_color=&#8220;color-lxmt&#8220; back_image=&#8220;48549&#8243; overlay_alpha=&#8220;100&#8243; gutter_size=&#8220;3&#8243; medium_width=&#8220;3&#8243; shift_x=&#8220;0&#8243; shift_y=&#8220;0&#8243; z_index=&#8220;0&#8243; css_animation=&#8220;zoom-in&#8220; animation_delay=&#8220;400&#8243; zoom_width=&#8220;0&#8243; zoom_height=&#8220;0&#8243; width=&#8220;1\/3&#8243; mobile_height=&#8220;260&#8243;][\/vc_column][\/vc_row]<\/p>\n","protected":false},"excerpt":{"rendered":"<p>[vc_row unlock_row_content=&#8220;yes&#8220; row_height_percent=&#8220;50&#8243; override_padding=&#8220;yes&#8220; h_padding=&#8220;0&#8243; top_padding=&#8220;0&#8243; bottom_padding=&#8220;0&#8243; back_color=&#8220;color-wayh&#8220; overlay_alpha=&#8220;100&#8243; equal_height=&#8220;yes&#8220; gutter_size=&#8220;0&#8243; shift_y=&#8220;0&#8243; style=&#8220;inherited&#8220;][vc_column column_width_percent=&#8220;100&#8243; position_horizontal=&#8220;left&#8220; back_color=&#8220;color-lxmt&#8220; back_image=&#8220;48545&#8243; back_position=&#8220;center center&#8220; overlay_alpha=&#8220;100&#8243; [&hellip;]<\/p>\n","protected":false},"author":1,"featured_media":0,"parent":36601,"menu_order":0,"comment_status":"closed","ping_status":"closed","template":"","meta":{"ngg_post_thumbnail":0,"footnotes":""},"_links":{"self":[{"href":"http:\/\/thai-massage-darmstadt.de\/chada\/wp-json\/wp\/v2\/pages\/22794"}],"collection":[{"href":"http:\/\/thai-massage-darmstadt.de\/chada\/wp-json\/wp\/v2\/pages"}],"about":[{"href":"http:\/\/thai-massage-darmstadt.de\/chada\/wp-json\/wp\/v2\/types\/page"}],"author":[{"embeddable":true,"href":"http:\/\/thai-massage-darmstadt.de\/chada\/wp-json\/wp\/v2\/users\/1"}],"replies":[{"embeddable":true,"href":"http:\/\/thai-massage-darmstadt.de\/chada\/wp-json\/wp\/v2\/comments?post=22794"}],"version-history":[{"count":1,"href":"http:\/\/thai-massage-darmstadt.de\/chada\/wp-json\/wp\/v2\/pages\/22794\/revisions"}],"predecessor-version":[{"id":48712,"href":"http:\/\/thai-massage-darmstadt.de\/chada\/wp-json\/wp\/v2\/pages\/22794\/revisions\/48712"}],"up":[{"embeddable":true,"href":"http:\/\/thai-massage-darmstadt.de\/chada\/wp-json\/wp\/v2\/pages\/36601"}],"wp:attachment":[{"href":"http:\/\/thai-massage-darmstadt.de\/chada\/wp-json\/wp\/v2\/media?parent=22794"}],"curies":[{"name":"wp","href":"https:\/\/api.w.org\/{rel}","templated":true}]}}