{"id":4503,"date":"2014-12-19T11:38:41","date_gmt":"2014-12-19T10:38:41","guid":{"rendered":"http:\/\/www.undsgn.com\/uncode\/?page_id=4503"},"modified":"2020-06-02T16:48:52","modified_gmt":"2020-06-02T14:48:52","slug":"classic-landing","status":"publish","type":"page","link":"http:\/\/thai-massage-darmstadt.de\/chada\/","title":{"rendered":"Classic Landing"},"content":{"rendered":"<p>[vc_row row_height_percent=&#8220;29&#8243; override_padding=&#8220;yes&#8220; h_padding=&#8220;2&#8243; top_padding=&#8220;3&#8243; bottom_padding=&#8220;3&#8243; back_color=&#8220;color-wayh&#8220; back_image=&#8220;47238&#8243; back_position=&#8220;center center&#8220; parallax=&#8220;yes&#8220; overlay_color=&#8220;color-wayh&#8220; overlay_alpha=&#8220;60&#8243; gutter_size=&#8220;3&#8243; shift_y=&#8220;0&#8243;][vc_column column_width_percent=&#8220;100&#8243; style=&#8220;dark&#8220; overlay_alpha=&#8220;50&#8243; gutter_size=&#8220;3&#8243; medium_width=&#8220;0&#8243; shift_x=&#8220;0&#8243; shift_y=&#8220;0&#8243; zoom_width=&#8220;0&#8243; zoom_height=&#8220;0&#8243; width=&#8220;1\/1&#8243;][uncode_slider slider_interval=&#8220;3000&#8243; slider_navspeed=&#8220;400&#8243; slider_loop=&#8220;yes&#8220;][vc_row_inner row_inner_height_percent=&#8220;0&#8243; overlay_alpha=&#8220;0&#8243; gutter_size=&#8220;3&#8243; shift_y=&#8220;0&#8243;][vc_column_inner column_width_percent=&#8220;100&#8243; position_vertical=&#8220;middle&#8220; align_horizontal=&#8220;align_center&#8220; style=&#8220;dark&#8220; gutter_size=&#8220;2&#8243; overlay_alpha=&#8220;50&#8243; medium_width=&#8220;0&#8243; shift_x=&#8220;0&#8243; shift_y=&#8220;0&#8243; z_index=&#8220;0&#8243; zoom_width=&#8220;0&#8243; zoom_height=&#8220;0&#8243; width=&#8220;1\/1&#8243;][vc_custom_heading heading_semantic=&#8220;h1&#8243; text_size=&#8220;fontsize-155944&#8243; text_space=&#8220;fontspace-781688&#8243; text_font=&#8220;font-762333&#8243; text_weight=&#8220;600&#8243; sub_lead=&#8220;yes&#8220; sub_reduced=&#8220;yes&#8220; css_animation=&#8220;zoom-in&#8220; animation_delay=&#8220;200&#8243; subheading=&#8220;Chada bietet Ihnen tradionelle Thai-Massage nach den Lehrb\u00fcchern und von Absolventen der rennomiertesten Massageschulen Thailands.<br \/>\n&#8222;]Herzlich Willkommen![\/vc_custom_heading][\/vc_column_inner][\/vc_row_inner][\/uncode_slider][\/vc_column][\/vc_row][vc_row row_height_percent=&#8220;0&#8243; override_padding=&#8220;yes&#8220; h_padding=&#8220;2&#8243; top_padding=&#8220;4&#8243; bottom_padding=&#8220;0&#8243; overlay_alpha=&#8220;50&#8243; gutter_size=&#8220;4&#8243; shift_y=&#8220;0&#8243;][vc_column column_width_percent=&#8220;100&#8243; position_horizontal=&#8220;right&#8220; position_vertical=&#8220;middle&#8220; overlay_alpha=&#8220;50&#8243; gutter_size=&#8220;3&#8243; medium_width=&#8220;7&#8243; shift_x=&#8220;0&#8243; shift_y=&#8220;0&#8243; z_index=&#8220;0&#8243; width=&#8220;1\/2&#8243;][vc_custom_heading text_size=&#8220;h1&#8243; text_space=&#8220;fontspace-781688&#8243; text_font=&#8220;font-180609&#8243; text_weight=&#8220;300&#8243; sub_lead=&#8220;yes&#8220;]<strong>Was ist traditionelle Thaimassage?<\/strong>[\/vc_custom_heading][vc_column_text]Man ger\u00e4t durch den t\u00e4glichen Alltagsstress oft aus dem Gleichgewicht. Die traditionelle thail\u00e4ndische Massage bringt Ihren K\u00f6rper und Seele wieder in Einklang und dient zugleich der gesundheitlichen Vorsorge. Die traditionelle Thaimassage, die absolut nichts mit Erotikmassage zu tun hat, entstand vor \u00fcber 2000 Jahren. Sie ist Teil der thail\u00e4ndischen Naturmedizin und steht besonders im Zeichen der Gesundheit, dem geistigen und k\u00f6rperlichen Wohlbefinden.<\/p>\n<p>&nbsp;<\/p>\n<p>Technik und der K\u00f6rpereinsatz bei der Massage sind besonders hervorzuheben, da sie auf Dehnung und Akupressur basiert. Es wird mit Daumen, Armen, Ellenbogen, Beinen und F\u00fc\u00dfen gearbeitet. Au\u00dferdem wird durch diverse Dehnungstechniken die Blutzirkulation des ganzen K\u00f6rpers gef\u00f6rdert.[\/vc_column_text][vc_separator][\/vc_column][vc_column column_width_percent=&#8220;100&#8243; overlay_alpha=&#8220;50&#8243; gutter_size=&#8220;3&#8243; medium_visibility=&#8220;yes&#8220; medium_width=&#8220;4&#8243; mobile_visibility=&#8220;yes&#8220; shift_x=&#8220;0&#8243; shift_y=&#8220;0&#8243; z_index=&#8220;0&#8243; width=&#8220;1\/2&#8243;][vc_single_image media=&#8220;48582&#8243; media_width_use_pixel=&#8220;yes&#8220; advanced=&#8220;yes&#8220; media_overlay_opacity=&#8220;50&#8243; media_text_anim=&#8220;no&#8220; media_overlay_anim=&#8220;no&#8220; media_image_anim=&#8220;no&#8220; media_padding=&#8220;2&#8243; css_animation=&#8220;right-t-left&#8220; animation_delay=&#8220;200&#8243; media_width_pixel=&#8220;650&#8243;][\/vc_column][\/vc_row][vc_row unlock_row_content=&#8220;yes&#8220; row_height_percent=&#8220;50&#8243; override_padding=&#8220;yes&#8220; h_padding=&#8220;0&#8243; top_padding=&#8220;0&#8243; bottom_padding=&#8220;0&#8243; back_color=&#8220;color-wayh&#8220; overlay_alpha=&#8220;100&#8243; equal_height=&#8220;yes&#8220; gutter_size=&#8220;0&#8243; shift_y=&#8220;0&#8243; style=&#8220;inherited&#8220;][vc_column column_width_percent=&#8220;100&#8243; position_horizontal=&#8220;left&#8220; back_color=&#8220;color-lxmt&#8220; back_image=&#8220;48551&#8243; back_position=&#8220;center center&#8220; overlay_alpha=&#8220;100&#8243; gutter_size=&#8220;3&#8243; medium_width=&#8220;3&#8243; shift_x=&#8220;0&#8243; shift_y=&#8220;0&#8243; z_index=&#8220;0&#8243; css_animation=&#8220;zoom-in&#8220; zoom_width=&#8220;0&#8243; zoom_height=&#8220;0&#8243; width=&#8220;1\/3&#8243; mobile_height=&#8220;260&#8243;][\/vc_column][vc_column column_width_percent=&#8220;100&#8243; position_horizontal=&#8220;left&#8220; position_vertical=&#8220;middle&#8220; align_horizontal=&#8220;align_center&#8220; override_padding=&#8220;yes&#8220; column_padding=&#8220;5&#8243; back_color=&#8220;color-xsdn&#8220; back_image=&#8220;48587&#8243; overlay_alpha=&#8220;100&#8243; gutter_size=&#8220;3&#8243; medium_width=&#8220;3&#8243; shift_x=&#8220;0&#8243; shift_y=&#8220;0&#8243; z_index=&#8220;0&#8243; css_animation=&#8220;zoom-in&#8220; animation_delay=&#8220;200&#8243; zoom_width=&#8220;0&#8243; zoom_height=&#8220;0&#8243; width=&#8220;1\/3&#8243;][\/vc_column][vc_column column_width_percent=&#8220;100&#8243; position_horizontal=&#8220;left&#8220; back_color=&#8220;color-lxmt&#8220; back_image=&#8220;48549&#8243; overlay_alpha=&#8220;100&#8243; gutter_size=&#8220;3&#8243; medium_width=&#8220;3&#8243; shift_x=&#8220;0&#8243; shift_y=&#8220;0&#8243; z_index=&#8220;0&#8243; css_animation=&#8220;zoom-in&#8220; animation_delay=&#8220;400&#8243; zoom_width=&#8220;0&#8243; zoom_height=&#8220;0&#8243; width=&#8220;1\/3&#8243; mobile_height=&#8220;260&#8243;][\/vc_column][\/vc_row][vc_row row_height_percent=&#8220;0&#8243; override_padding=&#8220;yes&#8220; h_padding=&#8220;2&#8243; top_padding=&#8220;4&#8243; bottom_padding=&#8220;0&#8243; back_color=&#8220;color-lxmt&#8220; overlay_alpha=&#8220;50&#8243; gutter_size=&#8220;4&#8243; border_color=&#8220;color-gyho&#8220; border_style=&#8220;solid&#8220; shift_y=&#8220;0&#8243; css=&#8220;.vc_custom_1452682878999{border-top-width: 1px !important;}&#8220;][vc_column column_width_percent=&#8220;100&#8243; overlay_alpha=&#8220;50&#8243; gutter_size=&#8220;3&#8243; medium_visibility=&#8220;yes&#8220; medium_width=&#8220;4&#8243; mobile_visibility=&#8220;yes&#8220; shift_x=&#8220;0&#8243; shift_y=&#8220;0&#8243; z_index=&#8220;0&#8243; width=&#8220;1\/2&#8243;][vc_single_image media=&#8220;48572&#8243; media_width_use_pixel=&#8220;yes&#8220; alignment=&#8220;right&#8220; advanced=&#8220;yes&#8220; media_overlay_opacity=&#8220;50&#8243; media_text_anim=&#8220;no&#8220; media_overlay_anim=&#8220;no&#8220; media_image_anim=&#8220;no&#8220; media_padding=&#8220;2&#8243; css_animation=&#8220;left-t-right&#8220; animation_delay=&#8220;200&#8243; media_width_pixel=&#8220;650&#8243;][\/vc_column][vc_column column_width_percent=&#8220;100&#8243; position_horizontal=&#8220;left&#8220; position_vertical=&#8220;middle&#8220; overlay_alpha=&#8220;50&#8243; gutter_size=&#8220;3&#8243; medium_width=&#8220;7&#8243; shift_x=&#8220;0&#8243; shift_y=&#8220;0&#8243; z_index=&#8220;0&#8243; width=&#8220;1\/2&#8243;][vc_custom_heading text_size=&#8220;h1&#8243; text_space=&#8220;fontspace-781688&#8243; text_font=&#8220;font-180609&#8243; text_weight=&#8220;300&#8243; sub_lead=&#8220;yes&#8220;]Die Thaimassage bewirkt:[\/vc_custom_heading][vc_column_text]<\/p>\n<ul>\n<li>Entspannung<\/li>\n<li>Stressabbau<\/li>\n<li>Schmerzlinderung<\/li>\n<li>Stabilisierung der Gelenke und der Wirbels\u00e4ule<\/li>\n<li>Neue Energie tanken<\/li>\n<li>Bessere Durchblutung<\/li>\n<li>Bessere K\u00f6rperhaltung<\/li>\n<\/ul>\n<p>[\/vc_column_text][vc_separator][\/vc_column][\/vc_row]<\/p>\n","protected":false},"excerpt":{"rendered":"<p>[vc_row row_height_percent=&#8220;29&#8243; override_padding=&#8220;yes&#8220; h_padding=&#8220;2&#8243; top_padding=&#8220;3&#8243; bottom_padding=&#8220;3&#8243; back_color=&#8220;color-wayh&#8220; back_image=&#8220;47238&#8243; back_position=&#8220;center center&#8220; parallax=&#8220;yes&#8220; overlay_color=&#8220;color-wayh&#8220; overlay_alpha=&#8220;60&#8243; gutter_size=&#8220;3&#8243; shift_y=&#8220;0&#8243;][vc_column column_width_percent=&#8220;100&#8243; style=&#8220;dark&#8220; overlay_alpha=&#8220;50&#8243; gutter_size=&#8220;3&#8243; medium_width=&#8220;0&#8243; [&hellip;]<\/p>\n","protected":false},"author":1,"featured_media":48138,"parent":43938,"menu_order":0,"comment_status":"open","ping_status":"closed","template":"","meta":{"ngg_post_thumbnail":0,"footnotes":""},"_links":{"self":[{"href":"http:\/\/thai-massage-darmstadt.de\/chada\/wp-json\/wp\/v2\/pages\/4503"}],"collection":[{"href":"http:\/\/thai-massage-darmstadt.de\/chada\/wp-json\/wp\/v2\/pages"}],"about":[{"href":"http:\/\/thai-massage-darmstadt.de\/chada\/wp-json\/wp\/v2\/types\/page"}],"author":[{"embeddable":true,"href":"http:\/\/thai-massage-darmstadt.de\/chada\/wp-json\/wp\/v2\/users\/1"}],"replies":[{"embeddable":true,"href":"http:\/\/thai-massage-darmstadt.de\/chada\/wp-json\/wp\/v2\/comments?post=4503"}],"version-history":[{"count":1,"href":"http:\/\/thai-massage-darmstadt.de\/chada\/wp-json\/wp\/v2\/pages\/4503\/revisions"}],"predecessor-version":[{"id":48693,"href":"http:\/\/thai-massage-darmstadt.de\/chada\/wp-json\/wp\/v2\/pages\/4503\/revisions\/48693"}],"up":[{"embeddable":true,"href":"http:\/\/thai-massage-darmstadt.de\/chada\/wp-json\/wp\/v2\/pages\/43938"}],"wp:featuredmedia":[{"embeddable":true,"href":"http:\/\/thai-massage-darmstadt.de\/chada\/wp-json\/wp\/v2\/media\/48138"}],"wp:attachment":[{"href":"http:\/\/thai-massage-darmstadt.de\/chada\/wp-json\/wp\/v2\/media?parent=4503"}],"curies":[{"name":"wp","href":"https:\/\/api.w.org\/{rel}","templated":true}]}}